{"id":2,"date":"2016-05-16T20:52:34","date_gmt":"2016-05-16T20:52:34","guid":{"rendered":"http:\/\/mml.pl\/TT\/?page_id=2"},"modified":"2017-01-06T01:26:42","modified_gmt":"2017-01-06T00:26:42","slug":"sg","status":"publish","type":"page","link":"http:\/\/mml.pl\/TT\/","title":{"rendered":"Strona g\u0142\u00f3wna"},"content":{"rendered":"<p>Witamy na stronie po\u015bwi\u0119conej nauczaniu zawodu &#8222;Elektryk&#8221; oraz &#8222;Technika Teleinformatyk&#8221;.<\/p>\n","protected":false},"excerpt":{"rendered":"<p>Witamy na stronie po\u015bwi\u0119conej nauczaniu zawodu &#8222;Elektryk&#8221; oraz &#8222;Technika Teleinformatyk&#8221;.<\/p>\n","protected":false},"author":1,"featured_media":216,"parent":0,"menu_order":0,"comment_status":"closed","ping_status":"open","template":"","meta":[],"_links":{"self":[{"href":"http:\/\/mml.pl\/TT\/wp-json\/wp\/v2\/pages\/2"}],"collection":[{"href":"http:\/\/mml.pl\/TT\/wp-json\/wp\/v2\/pages"}],"about":[{"href":"http:\/\/mml.pl\/TT\/wp-json\/wp\/v2\/types\/page"}],"author":[{"embeddable":true,"href":"http:\/\/mml.pl\/TT\/wp-json\/wp\/v2\/users\/1"}],"replies":[{"embeddable":true,"href":"http:\/\/mml.pl\/TT\/wp-json\/wp\/v2\/comments?post=2"}],"version-history":[{"count":5,"href":"http:\/\/mml.pl\/TT\/wp-json\/wp\/v2\/pages\/2\/revisions"}],"predecessor-version":[{"id":223,"href":"http:\/\/mml.pl\/TT\/wp-json\/wp\/v2\/pages\/2\/revisions\/223"}],"wp:featuredmedia":[{"embeddable":true,"href":"http:\/\/mml.pl\/TT\/wp-json\/wp\/v2\/media\/216"}],"wp:attachment":[{"href":"http:\/\/mml.pl\/TT\/wp-json\/wp\/v2\/media?parent=2"}],"curies":[{"name":"wp","href":"https:\/\/api.w.org\/{rel}","templated":true}]}}